{"id":143,"date":"2025-02-27T10:34:35","date_gmt":"2025-02-27T10:34:35","guid":{"rendered":"https:\/\/mstefaniszyn.ksr.zgo.pl\/?page_id=143"},"modified":"2025-02-27T10:35:19","modified_gmt":"2025-02-27T10:35:19","slug":"rodo","status":"publish","type":"page","link":"https:\/\/mstefaniszyn.ksr.zgo.pl\/index.php\/rodo\/","title":{"rendered":"RODO"},"content":{"rendered":"\t\t<div data-elementor-type=\"wp-page\" data-elementor-id=\"143\" class=\"elementor elementor-143\">\n\t\t\t\t<div class=\"elementor-element elementor-element-e590843 e-flex e-con-boxed e-con e-parent\" data-id=\"e590843\" data-element_type=\"container\">\n\t\t\t\t\t<div class=\"e-con-inner\">\n\t\t\t\t<div class=\"elementor-element elementor-element-992815a elementor-widget elementor-widget-text-editor\" data-id=\"992815a\" data-element_type=\"widget\" data-widget_type=\"text-editor.default\">\n\t\t\t\t<div class=\"elementor-widget-container\">\n\t\t\t\t\t\t\t\t\t<p>Administratorem danych osobowych jest Komornik S\u0105dowy przy S\u0105dzie Rejonowym w Zielonej G\u00f3rze Magdalena Stefaniszyn Kancelaria Komornicza w Zielonej G\u00f3rze ul. Bohater\u00f3w Westerplatte 11\/227-231 65-034 Zielona G\u00f3ra (dalej \u201eKancelaria\u201d). Dane kontaktowe dla cel\u00f3w: cofni\u0119cia zgody, sprzeciwu, \u017c\u0105dania usuni\u0119cia, sprostowania, przenoszenia, ograniczenia przetwarzania danych osobowych: <br \/>e- mail: zielona.gora.stefaniszyn@komornik.pl<br \/>tel.: 68 322 19 36 <br \/>adres: Kancelaria Komornicza w Zielonej G\u00f3rze ul. Bohater\u00f3w Westerplatte 11\/227-231 65-034 Zielona G\u00f3ra<br \/>Powy\u017csze dane kontaktowe s\u0105 w\u0142a\u015bciwe do kontaktu we wszelkich sprawach zwi\u0105zanych z przetwarzaniem danych osobowych przez Kancelari\u0119. Dane kontaktowe Inspektora Ochrony Danych Osobowych*<br \/>adres e-mail: <strong>iod<\/strong>@elka.zgora.pl<br \/><br \/>Kancelaria otrzyma\u0142a dane osobowe w ramach wykonywania ustawowych zada\u0144 na\u0142o\u017conych na komornika s\u0105dowego, a\u00a0tak\u017ce w zwi\u0105zku z realizacj\u0105 zawartych um\u00f3w oraz w ramach prowadzonej z Kancelari\u0105 korespondencji. <br \/>Kancelaria pozyskuje dane osobowe od podmiot\u00f3w trzecich, w szczeg\u00f3lno\u015bci wierzycieli, organ\u00f3w administracji publicznej, urz\u0119d\u00f3w skarbowych, organ\u00f3w rentowych, bank\u00f3w, sp\u00f3\u0142dzielczych kas oszcz\u0119dno\u015bciowo-kredytowych, podmiot\u00f3w prowadz\u0105cych dzia\u0142alno\u015b\u0107 maklersk\u0105, organ\u00f3w sp\u00f3\u0142dzielni mieszkaniowych, zarz\u0105du wsp\u00f3lnot mieszkaniowych, innych podmiot\u00f3w zarz\u0105dzaj\u0105cych mieszkaniami i lokalami u\u017cytkowymi, jak r\u00f3wnie\u017c innych instytucji i os\u00f3b, do kt\u00f3rych Kancelaria wyst\u0105pi\u0142a z pisemnym \u017c\u0105daniem o udzielenie informacji niezb\u0119dnych do prawid\u0142owego prowadzenia post\u0119powania egzekucyjnego, wykonania postanowienia o\u00a0udzieleniu zabezpieczenia lub europejskiego nakazu zabezpieczenia na rachunku bankowym oraz wykonania innych czynno\u015bci wchodz\u0105cych w zakres jego ustawowych zada\u0144, w szczeg\u00f3lno\u015bci dotycz\u0105cych stanu maj\u0105tkowego d\u0142u\u017cnika oraz umo\u017cliwiaj\u0105cych identyfikacj\u0119 sk\u0142adnik\u00f3w jego maj\u0105tku. <br \/>Kancelaria pozyskuje r\u00f3wnie\u017c dane osobowe ze \u017ar\u00f3de\u0142 publicznych. <br \/>W przypadku Kontrahent\u00f3w Kancelaria przetwarza dane osobowe zwyk\u0142e. Je\u017celi z jakiego\u015b powodu zostan\u0105 przekazane Kancelarii szczeg\u00f3lne kategorie danych osobowych i\/lub dane dotycz\u0105ce wyrok\u00f3w skazuj\u0105cych i czyn\u00f3w zabronionych &#8211; je\u017celi ich przetwarzanie nie b\u0119dzie bezwzgl\u0119dnie koniecznie zgodnie z obowi\u0105zuj\u0105cymi przepisami prawa to Kancelaria niezw\u0142ocznie usunie te dane osobowe. <br \/>W\u00a0ramach wykonywania ustawowych zada\u0144 na\u0142o\u017conych na komornika s\u0105dowego Kancelaria mo\u017ce przetwarza\u0107 wszystkie kategorie danych osobowych: dane osobowe zwyk\u0142e, szczeg\u00f3lne kategorie danych osobowych oraz dane dotycz\u0105ce wyrok\u00f3w skazuj\u0105cych i czyn\u00f3w zabronionych. Je\u017celi ich przetwarzanie nie b\u0119dzie bezwzgl\u0119dnie koniecznie zgodnie z obowi\u0105zuj\u0105cymi przepisami prawa to Kancelaria niezw\u0142ocznie usunie te dane osobowe.<br \/>Dodatkowo, przepisy prawa wymagaj\u0105 od Kancelarii przetwarzania danych osobowych dla cel\u00f3w podatkowych i\u00a0rachunkowych oraz innej sprawozdawczo\u015bci wymaganej przepisami prawa. <br \/>Dane osobowe mog\u0105 te\u017c by\u0107 udost\u0119pnione w ramach tre\u015bci wprowadzanych do funkcjonuj\u0105cego w Kancelarii oprogramowania i aplikacji. Dane s\u0105 otrzymywane r\u00f3wnie\u017c z system\u00f3w innych podmiot\u00f3w i instytucji. <br \/>Dane osobowe przetwarzane s\u0105 jedynie w celu wykonywania ustawowych zada\u0144 na\u0142o\u017conych na komornik\u00f3w s\u0105dowych przepisami prawa oraz w celu zapewnienia prawid\u0142owego funkcjonowania Kancelarii, tj. w celu wykonania zawartych um\u00f3w, wzgl\u0119dnie na podstawie uzasadnionego interesu Kancelarii. <br \/>Na podstawie zgody Kancelaria mo\u017ce przetwarza\u0107 dane osobowe w celach zapisywania danych w plikach cookies oraz gromadzenia danych ze stron www i aplikacji mobilnych* czy dany osobowych zwi\u0105zanych z rekrutacj\u0105. <br \/>Kancelaria w zale\u017cno\u015bci od sprawy z jak\u0105 si\u0119 zwracasz wymaga, w szczeg\u00f3lno\u015bci podania imienia i nazwiska, adresu zamieszkania, adresu do korespondencji, w tym adresu do korespondencji wpisanego do Centralnej Ewidencji i Informacji o Dzia\u0142alno\u015bci Gospodarczej, PESEL, NIP, informacji o stanie maj\u0105tkowym. <br \/>Je\u017celi wymagaj\u0105 tego przepisy prawa, Kancelaria mo\u017ce wymaga\u0107 innych danych niezb\u0119dnych np.: na cele zwi\u0105zane z prowadzonym post\u0119powaniem, ze wzgl\u0119d\u00f3w rachunkowych lub podatkowych, na potrzeby procesu rekrutacji. <br \/>W pozosta\u0142ym zakresie podanie Twoich danych jest dobrowolne. Je\u017celi jednak nie podasz tych danych lub w jakikolwiek spos\u00f3b uniemo\u017cliwisz nam ich przetwarzanie mo\u017ce to skutkowa\u0107 nieza\u0142atwieniem sprawy, z kt\u00f3r\u0105 zwracasz si\u0119 do Kancelarii. <br \/>Je\u017celi jeste\u015b Stron\u0105 i\/lub Uczestnikiem post\u0119powania, jeste\u015b ju\u017c Kontrahentem Kancelarii lub je\u017celi Kancelaria posiada dane osobowe (w tym powierzono nam je na podstawie w\u0142a\u015bciwych um\u00f3w lub przepis\u00f3w prawa lub zgody), informujemy, \u017ce mo\u017cesz w\u00a0ka\u017cdej chwili za\u017c\u0105da\u0107 do nich dost\u0119pu, ich sprostowania, usuni\u0119cia, ograniczenia przetwarzania, przeniesienia lub masz prawo do wniesienia sprzeciwu wobec ich przetwarzania, prawo do cofni\u0119cia zgody na ich przetwarzanie. Kancelaria mo\u017ce odm\u00f3wi\u0107 wykonania \u017c\u0105dania je\u017celi przetwarzania danych osobowych wymagaj\u0105 bezwzgl\u0119dnie obowi\u0105zuj\u0105ce przepisy prawa lub ich przetwarzania wymaga uzasadniony interes Kancelarii. <br \/>Osoba, kt\u00f3rej dane dotycz\u0105 ma prawo skargi w zwi\u0105zku z przetwarzaniem przez Kancelari\u0119 danych osobowych do organu nadzorczego, kt\u00f3rym jest Prezes Urz\u0119du Ochrony Danych Osobowych. <br \/>Osoba, kt\u00f3rej dane dotycz\u0105 ma prawo wnie\u015b\u0107 sprzeciw wobec przetwarzania danych osobowych, gdy ich przetwarzanie odbywa si\u0119 na podstawie prawnie uzasadnionego interesu lub dla cel\u00f3w statystycznych, a\u00a0sprzeciw jest uzasadniony przez szczeg\u00f3ln\u0105 sytuacj\u0119, w kt\u00f3rej si\u0119 znalaz\u0142a\u015b\/e\u015b. <br \/>Je\u017celi Kancelaria przetwarza dane osobowe na podstawie zgody, osoba, kt\u00f3rej dane dotycz\u0105 prawo w ka\u017cdym czasie j\u0105 cofn\u0105\u0107 przesy\u0142aj\u0105c w drodze e-mail zielona.gora.stefaniszyn@komornik.pl telefonicznie 68 322 19 36 lub pisemnie na adres 65-034 Zielona G\u00f3ra ul. bohater\u00f3w Westerplatte 11\/227-231\u00a0 Wycofanie zgody nie wp\u0142ywa na zgodno\u015b\u0107 z prawem przetwarzania, kt\u00f3rego dokonano na podstawie zgody przed jej wycofaniem. <br \/>Kancelaria mo\u017ce udost\u0119pnia\u0107 dane osobowe podmiotom wspieraj\u0105cym Kancelari\u0119 w prowadzeniu jej dzia\u0142alno\u015bci i w \u015bwiadczeniu us\u0142ug (dostawcy i podwykonawcy), np.: doradcy, zewn\u0119trzne kancelarie prawne, podmioty zapewniaj\u0105ce wsparcie techniczne, banki, operatorzy pocztowi. <br \/>Kancelaria mo\u017ce te\u017c przekaza\u0107 dane osobowe organom publicznym walcz\u0105cym z\u00a0oszustwami i nadu\u017cyciami oraz innym podmiotom je\u017celi jest to wymagane obowi\u0105zuj\u0105cymi przepisami prawa i\/lub konieczne w celu wykonania na\u0142o\u017conych na Kancelari\u0119 obowi\u0105zk\u00f3w wynikaj\u0105cych z przepis\u00f3w prawa. <br \/>Kancelaria przechowuje dane osobowe przez czas niezb\u0119dny do wykonania wszelkich praw i obowi\u0105zk\u00f3w oraz dochodzenia roszcze\u0144 z \u0142\u0105cz\u0105cych Kancelari\u0119 stosunk\u00f3w prawnych. <br \/>Dodatkowo, dane osobowe mog\u0105 by\u0107 przechowywane dla cel\u00f3w za\u0142atwiania skarg i wniosk\u00f3w innych ni\u017c z\u0142o\u017conych w toku prowadzonych przez Kancelari\u0119 post\u0119powa\u0144, prowadzenia korespondencji, zapobiegania nadu\u017cyciom i oszustwom i innym czynom zabronionym, dla cel\u00f3w statystycznych i archiwizacyjnych w zale\u017cno\u015bci od kategorii: kat. A przez okres 10 lat, kat. B przez okres 5 lat, z wyj\u0105tkiem spraw o egzekucj\u0119 z nieruchomo\u015bci, w kt\u00f3rych przeprowadzono pierwsz\u0105 licytacj\u0119, kt\u00f3ra jest przechowywana przez okres 10 lat. <br \/>Jednocze\u015bnie, w celu rozliczalno\u015bci Kancelaria b\u0119dzie przechowywa\u0107 dane przez okres, w kt\u00f3rym Kancelaria zobowi\u0105zana jest do zachowania danych na podstawie bezwzgl\u0119dnie obowi\u0105zuj\u0105cych przepis\u00f3w (np. dla udokumentowania spe\u0142nienia wymaga\u0144 prawnych, w tym umo\u017cliwienia kontroli ich spe\u0142nienia przez organy publiczne). <br \/>Dane osobowe nie b\u0119d\u0105 przetwarzane w spos\u00f3b zautomatyzowany (w tym w formie profilowania).<\/p>\t\t\t\t\t\t\t\t<\/div>\n\t\t\t\t<\/div>\n\t\t\t\t\t<\/div>\n\t\t\t\t<\/div>\n\t\t\t\t<\/div>\n\t\t","protected":false},"excerpt":{"rendered":"<p>Administratorem danych osobowych jest Komornik S\u0105dowy przy S\u0105dzie Rejonowym w Zielonej G\u00f3rze Magdalena Stefaniszyn Kancelaria Komornicza w Zielonej G\u00f3rze ul. Bohater\u00f3w Westerplatte 11\/227-231 65-034 Zielona G\u00f3ra (dalej \u201eKancelaria\u201d). Dane kontaktowe&hellip;<\/p>\n","protected":false},"author":1,"featured_media":0,"parent":0,"menu_order":0,"comment_status":"closed","ping_status":"closed","template":"","meta":{"footnotes":""},"class_list":["post-143","page","type-page","status-publish","hentry"],"_links":{"self":[{"href":"https:\/\/mstefaniszyn.ksr.zgo.pl\/index.php\/wp-json\/wp\/v2\/pages\/143","targetHints":{"allow":["GET"]}}],"collection":[{"href":"https:\/\/mstefaniszyn.ksr.zgo.pl\/index.php\/wp-json\/wp\/v2\/pages"}],"about":[{"href":"https:\/\/mstefaniszyn.ksr.zgo.pl\/index.php\/wp-json\/wp\/v2\/types\/page"}],"author":[{"embeddable":true,"href":"https:\/\/mstefaniszyn.ksr.zgo.pl\/index.php\/wp-json\/wp\/v2\/users\/1"}],"replies":[{"embeddable":true,"href":"https:\/\/mstefaniszyn.ksr.zgo.pl\/index.php\/wp-json\/wp\/v2\/comments?post=143"}],"version-history":[{"count":4,"href":"https:\/\/mstefaniszyn.ksr.zgo.pl\/index.php\/wp-json\/wp\/v2\/pages\/143\/revisions"}],"predecessor-version":[{"id":147,"href":"https:\/\/mstefaniszyn.ksr.zgo.pl\/index.php\/wp-json\/wp\/v2\/pages\/143\/revisions\/147"}],"wp:attachment":[{"href":"https:\/\/mstefaniszyn.ksr.zgo.pl\/index.php\/wp-json\/wp\/v2\/media?parent=143"}],"curies":[{"name":"wp","href":"https:\/\/api.w.org\/{rel}","templated":true}]}}